{"id":4655,"date":"2024-01-26T14:25:59","date_gmt":"2024-01-26T13:25:59","guid":{"rendered":"https:\/\/www.tekimp.it\/?page_id=4655"},"modified":"2024-01-26T14:25:59","modified_gmt":"2024-01-26T13:25:59","slug":"technologien","status":"publish","type":"page","link":"https:\/\/www.tekimp.it\/de\/technologien\/","title":{"rendered":"Technologien"},"content":{"rendered":"[et_pb_section admin_label=&#8220;Sezione&#8220; fullwidth=&#8220;off&#8220; specialty=&#8220;off&#8220; background_image=&#8220;https:\/\/www.tekimp.it\/wp-content\/uploads\/2016\/11\/site06-tekimp.jpg&#8220; transparent_background=&#8220;on&#8220; allow_player_pause=&#8220;off&#8220; inner_shadow=&#8220;off&#8220; parallax=&#8220;on&#8220; parallax_method=&#8220;on&#8220; padding_mobile=&#8220;off&#8220; make_fullwidth=&#8220;off&#8220; use_custom_width=&#8220;off&#8220; width_unit=&#8220;on&#8220; make_equal=&#8220;off&#8220; use_custom_gutter=&#8220;off&#8220; module_id=&#8220;et_pb_slider&#8220; custom_css_main_element=&#8220;@media only screen and ( min-width:981px ) {|| \/* Set the slider height *\/|| .et_pb_slider, .et_pb_slider .et_pb_container { || height: 425px !important; || }|| .et_pb_slider, .et_pb_slider .et_pb_slide { || max-height: 425px; || }|| .et_pb_slider .et_pb_slide_description { || position: relative; || top: 25%; || padding-top: 0 !important; || padding-bottom:0 !important; || height:auto !important; || }||}||&#8220;][et_pb_row admin_label=&#8220;Riga&#8220; make_fullwidth=&#8220;off&#8220; use_custom_width=&#8220;off&#8220; width_unit=&#8220;on&#8220; use_custom_gutter=&#8220;off&#8220; padding_mobile=&#8220;off&#8220; allow_player_pause=&#8220;off&#8220; parallax=&#8220;on&#8220; parallax_method=&#8220;off&#8220; make_equal=&#8220;off&#8220; parallax_1=&#8220;off&#8220; parallax_method_1=&#8220;off&#8220; column_padding_mobile=&#8220;on&#8220; custom_margin=&#8220;30px||20px|&#8220;][et_pb_column type=&#8220;4_4&#8243;][et_pb_image admin_label=&#8220;Immagine LOGO TEKIMP&#8220; src=&#8220;https:\/\/www.tekimp.it\/wp-content\/uploads\/2016\/06\/logoTekimpWhite-1.png&#8220; show_in_lightbox=&#8220;off&#8220; url_new_window=&#8220;off&#8220; use_overlay=&#8220;off&#8220; animation=&#8220;off&#8220; sticky=&#8220;off&#8220; align=&#8220;center&#8220; force_fullwidth=&#8220;off&#8220; always_center_on_mobile=&#8220;off&#8220; use_border_color=&#8220;off&#8220; border_color=&#8220;#ffffff&#8220; border_style=&#8220;solid&#8220; url=&#8220;https:\/\/www.tekimp.it\/&#8220; disabled=&#8220;off&#8220; disabled_on=&#8220;on|on|off&#8220;] [\/et_pb_image][et_pb_divider admin_label=&#8220;Modulo Separatore&#8220; color=&#8220;#cecece&#8220; show_divider=&#8220;off&#8220; divider_style=&#8220;solid&#8220; divider_position=&#8220;top&#8220; hide_on_mobile=&#8220;on&#8220; height=&#8220;100&#8243;] [\/et_pb_divider][et_pb_text admin_label=&#8220;LE TECNOLOGIE INNOVATIVE PER LA RIDUZIONE DELL&#8217;IMPATTO AMBIENTALE&#8220; background_layout=&#8220;dark&#8220; text_orientation=&#8220;left&#8220; use_border_color=&#8220;off&#8220; border_color=&#8220;#ffffff&#8220; border_style=&#8220;solid&#8220; text_line_height=&#8220;1&#8243;]\n<h1 style=\"text-align: center;\">TECHNOLOGIEN<\/h1>\n[\/et_pb_text][et_pb_text admin_label=&#8220;Testo&#8220; background_layout=&#8220;dark&#8220; text_orientation=&#8220;center&#8220; use_border_color=&#8220;off&#8220; border_color=&#8220;#ffffff&#8220; border_style=&#8220;solid&#8220; text_line_height=&#8220;1.5&#8243; text_font_size=&#8220;25&#8243;]\n<p style=\"text-align: center;\">Der technologische Vorsprung stellt eine St\u00e4rke in wirtschaftlicher, qualitativer und \u00f6kologischer Hinsicht dar (von der Energier\u00fcckgewinnung \u00fcber die Maximierung der Ressourcen bis hin zur Kostensenkung).<\/p>\n[\/et_pb_text][\/et_pb_column][\/et_pb_row][et_pb_row admin_label=&#8220;Riga&#8220; make_fullwidth=&#8220;on&#8220; use_custom_width=&#8220;off&#8220; width_unit=&#8220;on&#8220; use_custom_gutter=&#8220;off&#8220; padding_mobile=&#8220;off&#8220; allow_player_pause=&#8220;off&#8220; parallax=&#8220;on&#8220; parallax_method=&#8220;on&#8220; make_equal=&#8220;off&#8220; parallax_1=&#8220;off&#8220; parallax_method_1=&#8220;off&#8220; column_padding_mobile=&#8220;on&#8220;][et_pb_column type=&#8220;4_4&#8243;][et_pb_post_slider admin_label=&#8220;Slider post&#8220; posts_number=&#8220;20&#8243; orderby=&#8220;rand&#8220; show_arrows=&#8220;on&#8220; show_pagination=&#8220;off&#8220; show_more_button=&#8220;on&#8220; content_source=&#8220;off&#8220; use_manual_excerpt=&#8220;off&#8220; show_meta=&#8220;off&#8220; background_layout=&#8220;dark&#8220; show_image=&#8220;on&#8220; image_placement=&#8220;background&#8220; parallax=&#8220;on&#8220; parallax_method=&#8220;on&#8220; use_bg_overlay=&#8220;on&#8220; use_text_overlay=&#8220;off&#8220; remove_inner_shadow=&#8220;on&#8220; background_position=&#8220;default&#8220; background_size=&#8220;default&#8220; auto=&#8220;on&#8220; auto_ignore_hover=&#8220;off&#8220; hide_content_on_mobile=&#8220;off&#8220; hide_cta_on_mobile=&#8220;off&#8220; show_image_video_mobile=&#8220;off&#8220; meta_letter_spacing=&#8220;0&#8243; custom_button=&#8220;on&#8220; button_border_radius=&#8220;0&#8243; button_letter_spacing=&#8220;0&#8243; button_use_icon=&#8220;on&#8220; button_icon_placement=&#8220;right&#8220; button_on_hover=&#8220;on&#8220; button_letter_spacing_hover=&#8220;0&#8243; auto_speed=&#8220;5000&#8243; button_border_width=&#8220;0&#8243; button_icon=&#8220;%%20%%&#8220;] [\/et_pb_post_slider][\/et_pb_column][\/et_pb_row][\/et_pb_section]\n","protected":false},"excerpt":{"rendered":"<p>TECHNOLOGIEN Der technologische Vorsprung stellt eine St\u00e4rke in wirtschaftlicher, qualitativer und \u00f6kologischer Hinsicht dar (von der Energier\u00fcckgewinnung \u00fcber die Maximierung der Ressourcen bis hin zur Kostensenkung).<\/p>\n","protected":false},"author":5,"featured_media":0,"parent":0,"menu_order":0,"comment_status":"closed","ping_status":"closed","template":"","meta":{"_et_pb_use_builder":"on","_et_pb_old_content":"","_et_gb_content_width":""},"yoast_head":"<!-- This site is optimized with the Yoast SEO plugin v19.4 - https:\/\/yoast.com\/wordpress\/plugins\/seo\/ -->\n<title>Technologien - Tekimp<\/title>\n<meta name=\"robots\" content=\"index, follow, max-snippet:-1, max-image-preview:large, max-video-preview:-1\" \/>\n<link rel=\"canonical\" href=\"https:\/\/www.tekimp.it\/de\/technologien\/\" \/>\n<meta property=\"og:locale\" content=\"de_DE\" \/>\n<meta property=\"og:type\" content=\"article\" \/>\n<meta property=\"og:title\" content=\"Technologien - Tekimp\" \/>\n<meta property=\"og:description\" content=\"TECHNOLOGIEN Der technologische Vorsprung stellt eine St\u00e4rke in wirtschaftlicher, qualitativer und \u00f6kologischer Hinsicht dar (von der Energier\u00fcckgewinnung \u00fcber die Maximierung der Ressourcen bis hin zur Kostensenkung).\" \/>\n<meta property=\"og:url\" content=\"https:\/\/www.tekimp.it\/de\/technologien\/\" \/>\n<meta property=\"og:site_name\" content=\"Tekimp\" \/>\n<meta name=\"twitter:label1\" content=\"Gesch\u00e4tzte Lesezeit\" \/>\n\t<meta name=\"twitter:data1\" content=\"2\u00a0Minuten\" \/>\n<script type=\"application\/ld+json\" class=\"yoast-schema-graph\">{\"@context\":\"https:\/\/schema.org\",\"@graph\":[{\"@type\":\"Organization\",\"@id\":\"https:\/\/www.tekimp.it\/#organization\",\"name\":\"TEKIMP SRL\",\"url\":\"https:\/\/www.tekimp.it\/\",\"sameAs\":[],\"logo\":{\"@type\":\"ImageObject\",\"inLanguage\":\"de\",\"@id\":\"https:\/\/www.tekimp.it\/#\/schema\/logo\/image\/\",\"url\":\"https:\/\/www.tekimp.it\/wp-content\/uploads\/2014\/09\/logo-tekimp-20161.png\",\"contentUrl\":\"https:\/\/www.tekimp.it\/wp-content\/uploads\/2014\/09\/logo-tekimp-20161.png\",\"width\":494,\"height\":126,\"caption\":\"TEKIMP SRL\"},\"image\":{\"@id\":\"https:\/\/www.tekimp.it\/#\/schema\/logo\/image\/\"}},{\"@type\":\"WebSite\",\"@id\":\"https:\/\/www.tekimp.it\/#website\",\"url\":\"https:\/\/www.tekimp.it\/\",\"name\":\"Tekimp\",\"description\":\"engineering your future\",\"publisher\":{\"@id\":\"https:\/\/www.tekimp.it\/#organization\"},\"potentialAction\":[{\"@type\":\"SearchAction\",\"target\":{\"@type\":\"EntryPoint\",\"urlTemplate\":\"https:\/\/www.tekimp.it\/?s={search_term_string}\"},\"query-input\":\"required name=search_term_string\"}],\"inLanguage\":\"de\"},{\"@type\":\"WebPage\",\"@id\":\"https:\/\/www.tekimp.it\/de\/technologien\/\",\"url\":\"https:\/\/www.tekimp.it\/de\/technologien\/\",\"name\":\"Technologien - Tekimp\",\"isPartOf\":{\"@id\":\"https:\/\/www.tekimp.it\/#website\"},\"datePublished\":\"2024-01-26T13:25:59+00:00\",\"dateModified\":\"2024-01-26T13:25:59+00:00\",\"breadcrumb\":{\"@id\":\"https:\/\/www.tekimp.it\/de\/technologien\/#breadcrumb\"},\"inLanguage\":\"de\",\"potentialAction\":[{\"@type\":\"ReadAction\",\"target\":[\"https:\/\/www.tekimp.it\/de\/technologien\/\"]}]},{\"@type\":\"BreadcrumbList\",\"@id\":\"https:\/\/www.tekimp.it\/de\/technologien\/#breadcrumb\",\"itemListElement\":[{\"@type\":\"ListItem\",\"position\":1,\"name\":\"Home\",\"item\":\"https:\/\/www.tekimp.it\/de\/\"},{\"@type\":\"ListItem\",\"position\":2,\"name\":\"Technologien\"}]}]}<\/script>\n<!-- \/ Yoast SEO plugin. -->","yoast_head_json":{"title":"Technologien - Tekimp","robots":{"index":"index","follow":"follow","max-snippet":"max-snippet:-1","max-image-preview":"max-image-preview:large","max-video-preview":"max-video-preview:-1"},"canonical":"https:\/\/www.tekimp.it\/de\/technologien\/","og_locale":"de_DE","og_type":"article","og_title":"Technologien - Tekimp","og_description":"TECHNOLOGIEN Der technologische Vorsprung stellt eine St\u00e4rke in wirtschaftlicher, qualitativer und \u00f6kologischer Hinsicht dar (von der Energier\u00fcckgewinnung \u00fcber die Maximierung der Ressourcen bis hin zur Kostensenkung).","og_url":"https:\/\/www.tekimp.it\/de\/technologien\/","og_site_name":"Tekimp","twitter_misc":{"Gesch\u00e4tzte Lesezeit":"2\u00a0Minuten"},"schema":{"@context":"https:\/\/schema.org","@graph":[{"@type":"Organization","@id":"https:\/\/www.tekimp.it\/#organization","name":"TEKIMP SRL","url":"https:\/\/www.tekimp.it\/","sameAs":[],"logo":{"@type":"ImageObject","inLanguage":"de","@id":"https:\/\/www.tekimp.it\/#\/schema\/logo\/image\/","url":"https:\/\/www.tekimp.it\/wp-content\/uploads\/2014\/09\/logo-tekimp-20161.png","contentUrl":"https:\/\/www.tekimp.it\/wp-content\/uploads\/2014\/09\/logo-tekimp-20161.png","width":494,"height":126,"caption":"TEKIMP SRL"},"image":{"@id":"https:\/\/www.tekimp.it\/#\/schema\/logo\/image\/"}},{"@type":"WebSite","@id":"https:\/\/www.tekimp.it\/#website","url":"https:\/\/www.tekimp.it\/","name":"Tekimp","description":"engineering your future","publisher":{"@id":"https:\/\/www.tekimp.it\/#organization"},"potentialAction":[{"@type":"SearchAction","target":{"@type":"EntryPoint","urlTemplate":"https:\/\/www.tekimp.it\/?s={search_term_string}"},"query-input":"required name=search_term_string"}],"inLanguage":"de"},{"@type":"WebPage","@id":"https:\/\/www.tekimp.it\/de\/technologien\/","url":"https:\/\/www.tekimp.it\/de\/technologien\/","name":"Technologien - Tekimp","isPartOf":{"@id":"https:\/\/www.tekimp.it\/#website"},"datePublished":"2024-01-26T13:25:59+00:00","dateModified":"2024-01-26T13:25:59+00:00","breadcrumb":{"@id":"https:\/\/www.tekimp.it\/de\/technologien\/#breadcrumb"},"inLanguage":"de","potentialAction":[{"@type":"ReadAction","target":["https:\/\/www.tekimp.it\/de\/technologien\/"]}]},{"@type":"BreadcrumbList","@id":"https:\/\/www.tekimp.it\/de\/technologien\/#breadcrumb","itemListElement":[{"@type":"ListItem","position":1,"name":"Home","item":"https:\/\/www.tekimp.it\/de\/"},{"@type":"ListItem","position":2,"name":"Technologien"}]}]}},"_links":{"self":[{"href":"https:\/\/www.tekimp.it\/de\/wp-json\/wp\/v2\/pages\/4655"}],"collection":[{"href":"https:\/\/www.tekimp.it\/de\/wp-json\/wp\/v2\/pages"}],"about":[{"href":"https:\/\/www.tekimp.it\/de\/wp-json\/wp\/v2\/types\/page"}],"author":[{"embeddable":true,"href":"https:\/\/www.tekimp.it\/de\/wp-json\/wp\/v2\/users\/5"}],"replies":[{"embeddable":true,"href":"https:\/\/www.tekimp.it\/de\/wp-json\/wp\/v2\/comments?post=4655"}],"version-history":[{"count":1,"href":"https:\/\/www.tekimp.it\/de\/wp-json\/wp\/v2\/pages\/4655\/revisions"}],"predecessor-version":[{"id":4656,"href":"https:\/\/www.tekimp.it\/de\/wp-json\/wp\/v2\/pages\/4655\/revisions\/4656"}],"wp:attachment":[{"href":"https:\/\/www.tekimp.it\/de\/wp-json\/wp\/v2\/media?parent=4655"}],"curies":[{"name":"wp","href":"https:\/\/api.w.org\/{rel}","templated":true}]}}