{"id":4669,"date":"2024-01-26T17:23:12","date_gmt":"2024-01-26T16:23:12","guid":{"rendered":"https:\/\/www.tekimp.it\/?page_id=4669"},"modified":"2024-01-26T17:23:12","modified_gmt":"2024-01-26T16:23:12","slug":"nasslackierung","status":"publish","type":"page","link":"https:\/\/www.tekimp.it\/de\/nasslackierung\/","title":{"rendered":"Nasslackierung"},"content":{"rendered":"[et_pb_section admin_label=&#8220;Sezione&#8220; fullwidth=&#8220;off&#8220; specialty=&#8220;off&#8220; transparent_background=&#8220;off&#8220; background_color=&#8220;#cecece&#8220; allow_player_pause=&#8220;off&#8220; inner_shadow=&#8220;off&#8220; parallax=&#8220;off&#8220; parallax_method=&#8220;off&#8220; padding_mobile=&#8220;off&#8220; make_fullwidth=&#8220;off&#8220; use_custom_width=&#8220;off&#8220; width_unit=&#8220;on&#8220; make_equal=&#8220;off&#8220; use_custom_gutter=&#8220;off&#8220; custom_padding=&#8220;||100px|&#8220;][et_pb_row admin_label=&#8220;Riga&#8220; make_fullwidth=&#8220;off&#8220; use_custom_width=&#8220;off&#8220; width_unit=&#8220;on&#8220; use_custom_gutter=&#8220;on&#8220; padding_mobile=&#8220;off&#8220; allow_player_pause=&#8220;off&#8220; parallax=&#8220;off&#8220; parallax_method=&#8220;off&#8220; make_equal=&#8220;off&#8220; parallax_1=&#8220;off&#8220; parallax_method_1=&#8220;off&#8220; parallax_2=&#8220;off&#8220; parallax_method_2=&#8220;off&#8220; column_padding_mobile=&#8220;on&#8220;][et_pb_column type=&#8220;3_4&#8243;][et_pb_text admin_label=&#8220;SISTEMI VERNICIATURA A LIQUIDO&#8220; background_layout=&#8220;light&#8220; text_orientation=&#8220;left&#8220; use_border_color=&#8220;off&#8220; border_color=&#8220;#ffffff&#8220; border_style=&#8220;solid&#8220; custom_margin=&#8220;20px|50px||&#8220;]\n<h3>NASSLACKIERSYSTEME<\/h3>\n[\/et_pb_text][et_pb_text admin_label=&#8220;text power coating plants&#8220; background_layout=&#8220;light&#8220; text_orientation=&#8220;left&#8220; use_border_color=&#8220;off&#8220; border_color=&#8220;#ffffff&#8220; border_style=&#8220;solid&#8220; custom_margin=&#8220;|50px|50px|&#8220; text_font_size=&#8220;15&#8243; text_line_height=&#8220;1.5&#8243;]\n<p><span class=\"jCAhz ChMk0b\"><span class=\"ryNqvb\">TEKIMP entwirft, produziert und installiert sowohl Wassertauchlackiersysteme als auch Wasser- und L\u00f6sungsmittelspr\u00fchlackiersysteme.<\/span><\/span> <span class=\"jCAhz ChMk0b\"><span class=\"ryNqvb\">TEKIMP-Fl\u00fcssigkeitssysteme sind derzeit auf drei Kontinenten installiert und in Betrieb.<\/span><\/span><\/p>\n[\/et_pb_text][et_pb_portfolio admin_label=&#8220;Portfolio&#8220; fullwidth=&#8220;off&#8220; include_categories=&#8220;140&#8243; show_title=&#8220;on&#8220; show_categories=&#8220;off&#8220; show_pagination=&#8220;off&#8220; background_layout=&#8220;light&#8220; hover_overlay_color=&#8220;rgba(255,255,255,0.9)&#8220; use_border_color=&#8220;off&#8220; border_color=&#8220;#ffffff&#8220; border_style=&#8220;solid&#8220; posts_number=&#8220;20&#8243;] [\/et_pb_portfolio][\/et_pb_column][et_pb_column type=&#8220;1_4&#8243;][et_pb_text admin_label=&#8220;I nostri esperti forniscono consulenza tecnica per le tue specifiche esigenze di produzione.&#8220; background_layout=&#8220;light&#8220; text_orientation=&#8220;left&#8220; use_border_color=&#8220;off&#8220; border_color=&#8220;#ffffff&#8220; border_style=&#8220;solid&#8220; custom_margin=&#8220;||20px|&#8220;]\n<h4 class=\"widgettitle\">Unsere Experten bieten technische Beratung f\u00fcr Ihre spezifischen Produktionsanforderungen.<\/h4>\n[\/et_pb_text][et_pb_sidebar admin_label=&#8220;Barra Laterale&#8220; orientation=&#8220;left&#8220; area=&#8220;sidebar-1&#8243; background_layout=&#8220;light&#8220; remove_border=&#8220;off&#8220;] [\/et_pb_sidebar][\/et_pb_column][\/et_pb_row][et_pb_row admin_label=&#8220;Riga&#8220; make_fullwidth=&#8220;off&#8220; use_custom_width=&#8220;off&#8220; width_unit=&#8220;on&#8220; use_custom_gutter=&#8220;off&#8220; padding_mobile=&#8220;off&#8220; background_color=&#8220;#c4c4c4&#8243; allow_player_pause=&#8220;off&#8220; parallax=&#8220;off&#8220; parallax_method=&#8220;off&#8220; make_equal=&#8220;off&#8220; parallax_1=&#8220;off&#8220; parallax_method_1=&#8220;off&#8220; column_padding_mobile=&#8220;on&#8220; custom_margin=&#8220;||100px|&#8220; padding_bottom_1=&#8220;50px&#8220;][et_pb_column type=&#8220;4_4&#8243;][et_pb_text admin_label=&#8220;RICHIEDI PREVENTIVO&#8220; background_layout=&#8220;light&#8220; text_orientation=&#8220;left&#8220; use_border_color=&#8220;off&#8220; border_color=&#8220;#ffffff&#8220; border_style=&#8220;solid&#8220; text_font_size=&#8220;20&#8243;]\n<p><a href=\"\/www.tekimp.it\/contattaci\/\" rel=\"attachment wp-att-3473\"><img loading=\"lazy\" class=\"alignnone size-full wp-image-3473 aligncenter\" src=\"https:\/\/www.tekimp.it\/wp-content\/uploads\/2016\/07\/quote.png\" alt=\"quote\" width=\"150\" height=\"150\" \/><\/a><\/p>\n<p style=\"text-align: center;\">DAS ANGEBOT ANFORDERN<\/p>\n[\/et_pb_text][\/et_pb_column][\/et_pb_row][\/et_pb_section]\n","protected":false},"excerpt":{"rendered":"<p>NASSLACKIERSYSTEME TEKIMP entwirft, produziert und installiert sowohl Wassertauchlackiersysteme als auch Wasser- und L\u00f6sungsmittelspr\u00fchlackiersysteme. TEKIMP-Fl\u00fcssigkeitssysteme sind derzeit auf drei Kontinenten installiert und in Betrieb. Unsere Experten bieten technische Beratung f\u00fcr Ihre spezifischen Produktionsanforderungen. DAS ANGEBOT ANFORDERN<\/p>\n","protected":false},"author":5,"featured_media":0,"parent":0,"menu_order":0,"comment_status":"closed","ping_status":"closed","template":"","meta":{"_et_pb_use_builder":"on","_et_pb_old_content":"","_et_gb_content_width":""},"yoast_head":"<!-- This site is optimized with the Yoast SEO plugin v19.4 - https:\/\/yoast.com\/wordpress\/plugins\/seo\/ -->\n<title>Nasslackierung - Tekimp<\/title>\n<meta name=\"robots\" content=\"index, follow, max-snippet:-1, max-image-preview:large, max-video-preview:-1\" \/>\n<link rel=\"canonical\" href=\"https:\/\/www.tekimp.it\/de\/nasslackierung\/\" \/>\n<meta property=\"og:locale\" content=\"de_DE\" \/>\n<meta property=\"og:type\" content=\"article\" \/>\n<meta property=\"og:title\" content=\"Nasslackierung - Tekimp\" \/>\n<meta property=\"og:description\" content=\"NASSLACKIERSYSTEME TEKIMP entwirft, produziert und installiert sowohl Wassertauchlackiersysteme als auch Wasser- und L\u00f6sungsmittelspr\u00fchlackiersysteme. TEKIMP-Fl\u00fcssigkeitssysteme sind derzeit auf drei Kontinenten installiert und in Betrieb. Unsere Experten bieten technische Beratung f\u00fcr Ihre spezifischen Produktionsanforderungen. DAS ANGEBOT ANFORDERN\" \/>\n<meta property=\"og:url\" content=\"https:\/\/www.tekimp.it\/de\/nasslackierung\/\" \/>\n<meta property=\"og:site_name\" content=\"Tekimp\" \/>\n<meta property=\"og:image\" content=\"https:\/\/www.tekimp.it\/wp-content\/uploads\/2016\/07\/quote.png\" \/>\n<meta name=\"twitter:label1\" content=\"Gesch\u00e4tzte Lesezeit\" \/>\n\t<meta name=\"twitter:data1\" content=\"2\u00a0Minuten\" \/>\n<script type=\"application\/ld+json\" class=\"yoast-schema-graph\">{\"@context\":\"https:\/\/schema.org\",\"@graph\":[{\"@type\":\"Organization\",\"@id\":\"https:\/\/www.tekimp.it\/#organization\",\"name\":\"TEKIMP SRL\",\"url\":\"https:\/\/www.tekimp.it\/\",\"sameAs\":[],\"logo\":{\"@type\":\"ImageObject\",\"inLanguage\":\"de\",\"@id\":\"https:\/\/www.tekimp.it\/#\/schema\/logo\/image\/\",\"url\":\"https:\/\/www.tekimp.it\/wp-content\/uploads\/2014\/09\/logo-tekimp-20161.png\",\"contentUrl\":\"https:\/\/www.tekimp.it\/wp-content\/uploads\/2014\/09\/logo-tekimp-20161.png\",\"width\":494,\"height\":126,\"caption\":\"TEKIMP SRL\"},\"image\":{\"@id\":\"https:\/\/www.tekimp.it\/#\/schema\/logo\/image\/\"}},{\"@type\":\"WebSite\",\"@id\":\"https:\/\/www.tekimp.it\/#website\",\"url\":\"https:\/\/www.tekimp.it\/\",\"name\":\"Tekimp\",\"description\":\"engineering your future\",\"publisher\":{\"@id\":\"https:\/\/www.tekimp.it\/#organization\"},\"potentialAction\":[{\"@type\":\"SearchAction\",\"target\":{\"@type\":\"EntryPoint\",\"urlTemplate\":\"https:\/\/www.tekimp.it\/?s={search_term_string}\"},\"query-input\":\"required name=search_term_string\"}],\"inLanguage\":\"de\"},{\"@type\":\"WebPage\",\"@id\":\"https:\/\/www.tekimp.it\/de\/nasslackierung\/\",\"url\":\"https:\/\/www.tekimp.it\/de\/nasslackierung\/\",\"name\":\"Nasslackierung - Tekimp\",\"isPartOf\":{\"@id\":\"https:\/\/www.tekimp.it\/#website\"},\"datePublished\":\"2024-01-26T16:23:12+00:00\",\"dateModified\":\"2024-01-26T16:23:12+00:00\",\"breadcrumb\":{\"@id\":\"https:\/\/www.tekimp.it\/de\/nasslackierung\/#breadcrumb\"},\"inLanguage\":\"de\",\"potentialAction\":[{\"@type\":\"ReadAction\",\"target\":[\"https:\/\/www.tekimp.it\/de\/nasslackierung\/\"]}]},{\"@type\":\"BreadcrumbList\",\"@id\":\"https:\/\/www.tekimp.it\/de\/nasslackierung\/#breadcrumb\",\"itemListElement\":[{\"@type\":\"ListItem\",\"position\":1,\"name\":\"Home\",\"item\":\"https:\/\/www.tekimp.it\/de\/\"},{\"@type\":\"ListItem\",\"position\":2,\"name\":\"Nasslackierung\"}]}]}<\/script>\n<!-- \/ Yoast SEO plugin. -->","yoast_head_json":{"title":"Nasslackierung - Tekimp","robots":{"index":"index","follow":"follow","max-snippet":"max-snippet:-1","max-image-preview":"max-image-preview:large","max-video-preview":"max-video-preview:-1"},"canonical":"https:\/\/www.tekimp.it\/de\/nasslackierung\/","og_locale":"de_DE","og_type":"article","og_title":"Nasslackierung - Tekimp","og_description":"NASSLACKIERSYSTEME TEKIMP entwirft, produziert und installiert sowohl Wassertauchlackiersysteme als auch Wasser- und L\u00f6sungsmittelspr\u00fchlackiersysteme. TEKIMP-Fl\u00fcssigkeitssysteme sind derzeit auf drei Kontinenten installiert und in Betrieb. Unsere Experten bieten technische Beratung f\u00fcr Ihre spezifischen Produktionsanforderungen. DAS ANGEBOT ANFORDERN","og_url":"https:\/\/www.tekimp.it\/de\/nasslackierung\/","og_site_name":"Tekimp","og_image":[{"url":"https:\/\/www.tekimp.it\/wp-content\/uploads\/2016\/07\/quote.png"}],"twitter_misc":{"Gesch\u00e4tzte Lesezeit":"2\u00a0Minuten"},"schema":{"@context":"https:\/\/schema.org","@graph":[{"@type":"Organization","@id":"https:\/\/www.tekimp.it\/#organization","name":"TEKIMP SRL","url":"https:\/\/www.tekimp.it\/","sameAs":[],"logo":{"@type":"ImageObject","inLanguage":"de","@id":"https:\/\/www.tekimp.it\/#\/schema\/logo\/image\/","url":"https:\/\/www.tekimp.it\/wp-content\/uploads\/2014\/09\/logo-tekimp-20161.png","contentUrl":"https:\/\/www.tekimp.it\/wp-content\/uploads\/2014\/09\/logo-tekimp-20161.png","width":494,"height":126,"caption":"TEKIMP SRL"},"image":{"@id":"https:\/\/www.tekimp.it\/#\/schema\/logo\/image\/"}},{"@type":"WebSite","@id":"https:\/\/www.tekimp.it\/#website","url":"https:\/\/www.tekimp.it\/","name":"Tekimp","description":"engineering your future","publisher":{"@id":"https:\/\/www.tekimp.it\/#organization"},"potentialAction":[{"@type":"SearchAction","target":{"@type":"EntryPoint","urlTemplate":"https:\/\/www.tekimp.it\/?s={search_term_string}"},"query-input":"required name=search_term_string"}],"inLanguage":"de"},{"@type":"WebPage","@id":"https:\/\/www.tekimp.it\/de\/nasslackierung\/","url":"https:\/\/www.tekimp.it\/de\/nasslackierung\/","name":"Nasslackierung - Tekimp","isPartOf":{"@id":"https:\/\/www.tekimp.it\/#website"},"datePublished":"2024-01-26T16:23:12+00:00","dateModified":"2024-01-26T16:23:12+00:00","breadcrumb":{"@id":"https:\/\/www.tekimp.it\/de\/nasslackierung\/#breadcrumb"},"inLanguage":"de","potentialAction":[{"@type":"ReadAction","target":["https:\/\/www.tekimp.it\/de\/nasslackierung\/"]}]},{"@type":"BreadcrumbList","@id":"https:\/\/www.tekimp.it\/de\/nasslackierung\/#breadcrumb","itemListElement":[{"@type":"ListItem","position":1,"name":"Home","item":"https:\/\/www.tekimp.it\/de\/"},{"@type":"ListItem","position":2,"name":"Nasslackierung"}]}]}},"_links":{"self":[{"href":"https:\/\/www.tekimp.it\/de\/wp-json\/wp\/v2\/pages\/4669"}],"collection":[{"href":"https:\/\/www.tekimp.it\/de\/wp-json\/wp\/v2\/pages"}],"about":[{"href":"https:\/\/www.tekimp.it\/de\/wp-json\/wp\/v2\/types\/page"}],"author":[{"embeddable":true,"href":"https:\/\/www.tekimp.it\/de\/wp-json\/wp\/v2\/users\/5"}],"replies":[{"embeddable":true,"href":"https:\/\/www.tekimp.it\/de\/wp-json\/wp\/v2\/comments?post=4669"}],"version-history":[{"count":1,"href":"https:\/\/www.tekimp.it\/de\/wp-json\/wp\/v2\/pages\/4669\/revisions"}],"predecessor-version":[{"id":4670,"href":"https:\/\/www.tekimp.it\/de\/wp-json\/wp\/v2\/pages\/4669\/revisions\/4670"}],"wp:attachment":[{"href":"https:\/\/www.tekimp.it\/de\/wp-json\/wp\/v2\/media?parent=4669"}],"curies":[{"name":"wp","href":"https:\/\/api.w.org\/{rel}","templated":true}]}}